{"id":157,"date":"2024-09-18T14:42:20","date_gmt":"2024-09-18T14:42:20","guid":{"rendered":"https:\/\/goldnet.net.pl\/wordpress\/index.php\/home\/"},"modified":"2024-09-23T14:05:59","modified_gmt":"2024-09-23T14:05:59","slug":"home","status":"publish","type":"page","link":"https:\/\/www.goldnet.net.pl\/wordpress\/","title":{"rendered":"Home"},"content":{"rendered":"<p>Nasza firma zajmuje sie  dostarczaniem najwy\u017cszej jako\u015bci us\u0142ug dost\u0119pu do Internetu oraz Telewizji. Dzia\u0142amy na polskim rynku od 2004 roku. Zaufa\u0142o nam ju\u017c tysi\u0105ce os\u00f3b i firm. Do\u0142\u0105cz i sprawd\u017a nasz\u0105 ofert\u0119.<\/p>\n","protected":false},"excerpt":{"rendered":"<p>Nasza firma zajmuje sie dostarczaniem najwy\u017cszej jako\u015bci us\u0142ug dost\u0119pu do Internetu oraz Telewizji. Dzia\u0142amy na polskim rynku od 2004 roku. Zaufa\u0142o nam ju\u017c tysi\u0105ce os\u00f3b i firm. Do\u0142\u0105cz i sprawd\u017a nasz\u0105 ofert\u0119.<\/p>\n","protected":false},"author":1,"featured_media":0,"parent":0,"menu_order":0,"comment_status":"closed","ping_status":"closed","template":"templates\/template-homepage.php","meta":{"footnotes":""},"class_list":["post-157","page","type-page","status-publish","hentry"],"_links":{"self":[{"href":"https:\/\/www.goldnet.net.pl\/wordpress\/wp-json\/wp\/v2\/pages\/157","targetHints":{"allow":["GET"]}}],"collection":[{"href":"https:\/\/www.goldnet.net.pl\/wordpress\/wp-json\/wp\/v2\/pages"}],"about":[{"href":"https:\/\/www.goldnet.net.pl\/wordpress\/wp-json\/wp\/v2\/types\/page"}],"author":[{"embeddable":true,"href":"https:\/\/www.goldnet.net.pl\/wordpress\/wp-json\/wp\/v2\/users\/1"}],"replies":[{"embeddable":true,"href":"https:\/\/www.goldnet.net.pl\/wordpress\/wp-json\/wp\/v2\/comments?post=157"}],"version-history":[{"count":1,"href":"https:\/\/www.goldnet.net.pl\/wordpress\/wp-json\/wp\/v2\/pages\/157\/revisions"}],"predecessor-version":[{"id":193,"href":"https:\/\/www.goldnet.net.pl\/wordpress\/wp-json\/wp\/v2\/pages\/157\/revisions\/193"}],"wp:attachment":[{"href":"https:\/\/www.goldnet.net.pl\/wordpress\/wp-json\/wp\/v2\/media?parent=157"}],"curies":[{"name":"wp","href":"https:\/\/api.w.org\/{rel}","templated":true}]}}