{"id":301,"date":"2024-12-16T18:19:09","date_gmt":"2024-12-16T18:19:09","guid":{"rendered":"https:\/\/goldnet.net.pl\/wordpress\/?page_id=301"},"modified":"2024-12-16T18:28:38","modified_gmt":"2024-12-16T18:28:38","slug":"przewijarka","status":"publish","type":"page","link":"https:\/\/www.goldnet.net.pl\/wordpress\/przewijarka\/","title":{"rendered":"Przewijarka"},"content":{"rendered":"\n<p><\/p>\n\n\n\n<figure class=\"wp-block-image size-large\"><img loading=\"lazy\" decoding=\"async\" src=\"https:\/\/goldnet.net.pl\/\/wp-content\/uploads\/2024\/12\/www-01-1-1024x325.png\" width=\"1365\" height=\"433\" alt=\"\" class=\"wp-image-308\" srcset=\"https:\/\/www.goldnet.net.pl\/wordpress\/wp-content\/uploads\/2024\/12\/www-01-1-1024x325.png 1024w, https:\/\/www.goldnet.net.pl\/wordpress\/wp-content\/uploads\/2024\/12\/www-01-1-300x95.png 300w, https:\/\/www.goldnet.net.pl\/wordpress\/wp-content\/uploads\/2024\/12\/www-01-1-768x244.png 768w, https:\/\/www.goldnet.net.pl\/wordpress\/wp-content\/uploads\/2024\/12\/www-01-1-1536x488.png 1536w, https:\/\/www.goldnet.net.pl\/wordpress\/wp-content\/uploads\/2024\/12\/www-01-1.png 2003w\" sizes=\"auto, (max-width: 1365px) 100vw, 1365px\" \/><\/figure>\n\n\n\n<p><\/p>\n\n\n\n<h2 class=\"wp-block-heading\">Jak skorzysta\u0107 z us\u0142ugi?<\/h2>\n\n\n\n<ol class=\"wp-block-list\">\n<li>Uruchom dekoder Korbox<\/li>\n\n\n\n<li>Kliknij na pilocie przycisk&nbsp;<strong>MENU<\/strong><\/li>\n\n\n\n<li>Przejd\u017a do opcji&nbsp;<strong>Przewijarka<\/strong>&nbsp;i zatwierd\u017a za pomoc\u0105&nbsp;<strong>OK<\/strong>&nbsp;na pilocie<\/li>\n\n\n\n<li>Wybierz kana\u0142, na kt\u00f3rym chcesz skorzysta\u0107 z przewijarki<\/li>\n\n\n\n<li>B\u0119d\u0105c na w\u0142a\u015bciwym kanale, wystarczy, \u017ce klikniesz&nbsp;<strong>OK&nbsp;<\/strong>na pilocie i wybierzesz opcj\u0119&nbsp;<strong>Przewi\u0144<\/strong>&nbsp;z prawej strony paska<\/li>\n\n\n\n<li>U do\u0142u pojawi si\u0119 pasek z osi\u0105 czasu, po kt\u00f3rej mo\u017cesz przesuwa\u0107 si\u0119 za pomoc\u0105&nbsp;<strong>przycisk\u00f3w nawigacji&nbsp;<\/strong>(rz\u0105d pod kolorowymi) na pilocie. Mo\u017cesz r\u00f3wnie\u017c wpisa\u0107 konkretny dzie\u0144 i godzin\u0119, by&nbsp;<strong>przeskoczy\u0107<\/strong>&nbsp;do wybranego programu.<\/li>\n\n\n\n<li>Aby skorzysta\u0107 z przewijarki, mo\u017cesz r\u00f3wnie\u017c wcisn\u0105\u0107&nbsp;<strong>\u017c\u00f3\u0142ty przycisk&nbsp;<\/strong>na pilocie, a nast\u0119pnie wybra\u0107 konkretny program na osi czasu.<\/li>\n<\/ol>\n\n\n\n<p>Je\u015bli na ekranie pojawi si\u0119 pro\u015bba o podanie PINu potrzebnego do aktywacji us\u0142ugi, skontaktuj si\u0119 z Biurem Obs\u0142ugi Klienta.<\/p>\n","protected":false},"excerpt":{"rendered":"<p>Jak skorzysta\u0107 z us\u0142ugi? Je\u015bli na ekranie pojawi si\u0119 pro\u015bba o podanie PINu potrzebnego do aktywacji us\u0142ugi, skontaktuj si\u0119 z Biurem Obs\u0142ugi Klienta.<\/p>\n","protected":false},"author":1,"featured_media":0,"parent":0,"menu_order":0,"comment_status":"closed","ping_status":"closed","template":"","meta":{"footnotes":""},"class_list":["post-301","page","type-page","status-publish","hentry"],"_links":{"self":[{"href":"https:\/\/www.goldnet.net.pl\/wordpress\/wp-json\/wp\/v2\/pages\/301","targetHints":{"allow":["GET"]}}],"collection":[{"href":"https:\/\/www.goldnet.net.pl\/wordpress\/wp-json\/wp\/v2\/pages"}],"about":[{"href":"https:\/\/www.goldnet.net.pl\/wordpress\/wp-json\/wp\/v2\/types\/page"}],"author":[{"embeddable":true,"href":"https:\/\/www.goldnet.net.pl\/wordpress\/wp-json\/wp\/v2\/users\/1"}],"replies":[{"embeddable":true,"href":"https:\/\/www.goldnet.net.pl\/wordpress\/wp-json\/wp\/v2\/comments?post=301"}],"version-history":[{"count":6,"href":"https:\/\/www.goldnet.net.pl\/wordpress\/wp-json\/wp\/v2\/pages\/301\/revisions"}],"predecessor-version":[{"id":313,"href":"https:\/\/www.goldnet.net.pl\/wordpress\/wp-json\/wp\/v2\/pages\/301\/revisions\/313"}],"wp:attachment":[{"href":"https:\/\/www.goldnet.net.pl\/wordpress\/wp-json\/wp\/v2\/media?parent=301"}],"curies":[{"name":"wp","href":"https:\/\/api.w.org\/{rel}","templated":true}]}}