{"id":413,"date":"2026-05-15T10:44:19","date_gmt":"2026-05-15T10:44:19","guid":{"rendered":"https:\/\/www.goldnet.net.pl\/wordpress\/?page_id=413"},"modified":"2026-05-15T10:59:18","modified_gmt":"2026-05-15T10:59:18","slug":"tv-jambox","status":"publish","type":"page","link":"https:\/\/www.goldnet.net.pl\/wordpress\/tv-jambox\/","title":{"rendered":"TV JAMBOX"},"content":{"rendered":"\n<h1 class=\"wp-block-heading\">Cennik Telewizja JAMBOX<\/h1>\n\n\n\n<figure class=\"wp-block-table\"><table class=\"has-fixed-layout\"><tbody><tr><th>Telewizja AVIOS<\/th><th><a href=\"https:\/\/jambox.pl\/pakiety-podstawowe-plus\">Podstawowy<\/a><\/th><th><a href=\"https:\/\/jambox.pl\/pakiety-podstawowe-plus\">Korzystny<\/a><\/th><th><a href=\"https:\/\/jambox.pl\/pakiety-podstawowe-plus\">Bogaty<\/a><\/th><td><a href=\"https:\/\/jambox.pl\/pakiety-podstawowe\" target=\"_blank\" rel=\"noreferrer noopener\"><strong>MicroHD<\/strong><\/a><\/td><td><a href=\"https:\/\/jambox.pl\/pakiety-podstawowe\" target=\"_blank\" rel=\"noreferrer noopener\"><strong>MiniHD<\/strong><\/a><\/td><td><a href=\"https:\/\/jambox.pl\/pakiety-podstawowe\" target=\"_blank\" rel=\"noreferrer noopener\"><strong>WielotematycznyHD<\/strong><\/a><\/td><td><a href=\"https:\/\/jambox.pl\/pakiety-podstawowe\" target=\"_blank\" rel=\"noreferrer noopener\"><strong>Wielotematyczny SuperHD<\/strong><\/a><\/td><td><a href=\"https:\/\/jambox.pl\/pakiety-podstawowe\" target=\"_blank\" rel=\"noreferrer noopener\"><strong>Wielotematyczny MegaHD<\/strong><\/a><\/td><\/tr><tr><td>Aktywacja<\/td><td>99 z\u0142<\/td><td>99 z\u0142<\/td><td>99 z\u0142<\/td><td>99 z\u0142<\/td><td>99 z\u0142<\/td><td>99 z\u0142<\/td><td>99 z\u0142<\/td><td>99 z\u0142<\/td><\/tr><tr><td>Umowa na czas nieokre\u015blony<\/td><td>69,90 z\u0142<\/td><td>99,90 z\u0142<\/td><td>109,90 z\u0142<\/td><td>74,90 z\u0142<\/td><td>89,90 z\u0142<\/td><td>109,90 z\u0142<\/td><td>124,90 z\u0142<\/td><td>149,90 z\u0142<\/td><\/tr><tr><td>Umowa na 12 miesi\u0119cy<\/td><td>49,90 z\u0142<\/td><td>74,90 z\u0142<\/td><td>84,90 z\u0142<\/td><td>54,90 z\u0142<\/td><td>64,90 z\u0142<\/td><td>84,90 z\u0142<\/td><td>104,90 z\u0142<\/td><td>124,90 z\u0142<\/td><\/tr><tr><td>Umowa na 24 miesi\u0105ce<\/td><td><strong>39,90 z\u0142<\/strong><\/td><td><strong>64,90 z\u0142<\/strong><\/td><td><strong>74,90 z\u0142<\/strong><\/td><td><strong>44,90 z\u0142<\/strong><\/td><td><strong>54,90 z\u0142<\/strong><\/td><td><strong>74,90 z\u0142<\/strong><\/td><td><strong>94,90 z\u0142<\/strong><\/td><td><strong>114,90 z\u0142<\/strong><\/td><\/tr><\/tbody><\/table><\/figure>\n\n\n\n<figure class=\"wp-block-table\"><table class=\"has-fixed-layout\"><tbody><tr><th colspan=\"2\">Pakiety PREMIUM<\/th><\/tr><tr><td>CANAL+ Premium Prestige<\/td><td>54,99<\/td><\/tr><tr><td>CANAL+ Premium Prestige \u2013 12 miesi\u0119cy<\/td><td>49,99<\/td><\/tr><tr><td>Cinemax HD<\/td><td>14,99<\/td><\/tr><tr><td>Filmbox HD<\/td><td>14,99<\/td><\/tr><tr><td>HBO<\/td><td>29,99<\/td><\/tr><tr><td>Pasja<\/td><td>4,99<\/td><\/tr><tr><td>Republika<\/td><td>5,99<\/td><\/tr><tr><td>TVP Premium<\/td><td>4,99<\/td><\/tr><tr><td>Viasat World<\/td><td>4,99<\/td><\/tr><tr><td>eXXXtra<\/td><td>14,99<\/td><\/tr><tr><td>Niemieckoj\u0119zyczny<\/td><td>5,99<\/td><\/tr><tr><td>Ukrai\u0144skoj\u0119zyczny<\/td><td>5,99<\/td><\/tr><\/tbody><\/table><\/figure>\n\n\n\n<figure class=\"wp-block-table\"><table class=\"has-fixed-layout\"><tbody><tr><th colspan=\"2\">Us\u0142uga Multiroom<\/th><\/tr><tr><td>Wszystkie pakiety<\/td><td>15,00<\/td><\/tr><\/tbody><\/table><\/figure>\n\n\n\n<p>Cennik obowi\u0105zuje od dnia 01.05.2026 r<\/p>\n\n\n\n<p>Wszystkie podane wy\u017cej ceny s\u0105 cenami BRUTTO (zawieraj\u0105 podatek VAT)<\/p>\n\n\n","protected":false},"excerpt":{"rendered":"<p>Cennik Telewizja JAMBOX Telewizja AVIOS Podstawowy Korzystny Bogaty MicroHD MiniHD WielotematycznyHD Wielotematyczny SuperHD Wielotematyczny MegaHD Aktywacja 99 z\u0142 99 z\u0142 99 z\u0142 99 z\u0142 99 z\u0142 99 z\u0142 99 z\u0142 99 z\u0142 Umowa na czas nieokre\u015blony 69,90 z\u0142 99,90 z\u0142 109,90 z\u0142 74,90 z\u0142 89,90 z\u0142 109,90 z\u0142 124,90 z\u0142 149,90 z\u0142 Umowa na 12 [&hellip;]<\/p>\n","protected":false},"author":1,"featured_media":0,"parent":0,"menu_order":0,"comment_status":"closed","ping_status":"closed","template":"","meta":{"footnotes":""},"class_list":["post-413","page","type-page","status-publish","hentry"],"_links":{"self":[{"href":"https:\/\/www.goldnet.net.pl\/wordpress\/wp-json\/wp\/v2\/pages\/413","targetHints":{"allow":["GET"]}}],"collection":[{"href":"https:\/\/www.goldnet.net.pl\/wordpress\/wp-json\/wp\/v2\/pages"}],"about":[{"href":"https:\/\/www.goldnet.net.pl\/wordpress\/wp-json\/wp\/v2\/types\/page"}],"author":[{"embeddable":true,"href":"https:\/\/www.goldnet.net.pl\/wordpress\/wp-json\/wp\/v2\/users\/1"}],"replies":[{"embeddable":true,"href":"https:\/\/www.goldnet.net.pl\/wordpress\/wp-json\/wp\/v2\/comments?post=413"}],"version-history":[{"count":8,"href":"https:\/\/www.goldnet.net.pl\/wordpress\/wp-json\/wp\/v2\/pages\/413\/revisions"}],"predecessor-version":[{"id":428,"href":"https:\/\/www.goldnet.net.pl\/wordpress\/wp-json\/wp\/v2\/pages\/413\/revisions\/428"}],"wp:attachment":[{"href":"https:\/\/www.goldnet.net.pl\/wordpress\/wp-json\/wp\/v2\/media?parent=413"}],"curies":[{"name":"wp","href":"https:\/\/api.w.org\/{rel}","templated":true}]}}