{"id":63,"date":"2024-09-18T11:43:26","date_gmt":"2024-09-18T11:43:26","guid":{"rendered":"https:\/\/goldnet.net.pl\/wordpress\/?page_id=63"},"modified":"2024-12-18T08:49:37","modified_gmt":"2024-12-18T08:49:37","slug":"cennik-internet-swiatlowodowy","status":"publish","type":"page","link":"https:\/\/www.goldnet.net.pl\/wordpress\/cennik-internet-swiatlowodowy\/","title":{"rendered":"Internet"},"content":{"rendered":"\n<h2 class=\"wp-block-heading\">\u015awiat\u0142owodowy dost\u0119p do internetu<\/h2>\n\n\n\n<figure class=\"wp-block-table\"><table class=\"has-fixed-layout\"><tbody><tr><th>Internet \u015awiat\u0142owodowy<\/th><th class=\"has-text-align-center\" data-align=\"center\">Fiber 150<\/th><th class=\"has-text-align-center\" data-align=\"center\">Fiber 300<\/th><th class=\"has-text-align-center\" data-align=\"center\">Fiber 600<\/th><th class=\"has-text-align-center\" data-align=\"center\">Fiber 900<\/th><\/tr><tr><td>Pr\u0119dko\u015b\u0107<\/td><td class=\"has-text-align-center\" data-align=\"center\">150 Mbit\/50 Mbit<\/td><td class=\"has-text-align-center\" data-align=\"center\">300 Mbit\/100 Mbit<\/td><td class=\"has-text-align-center\" data-align=\"center\">600 Mbit\/200 Mbit<\/td><td class=\"has-text-align-center\" data-align=\"center\">900 Mbit\/300 Mbit<\/td><\/tr><tr><td>Instalacja *<\/td><td class=\"has-text-align-center\" data-align=\"center\">24 miesi\u0119ce &#8211; 99*z\u0142<br>12 miesi\u0119cy &#8211; 149*z\u0142<br>bezterminowo &#8211; 399*z\u0142<\/td><td class=\"has-text-align-center\" data-align=\"center\">24 miesi\u0119ce &#8211; 99*z\u0142<br>12 miesi\u0119cy &#8211; 149*z\u0142<br>bezterminowo &#8211; 399*z\u0142<\/td><td class=\"has-text-align-center\" data-align=\"center\">24 miesi\u0119ce &#8211; 99*z\u0142<br>12 miesi\u0119cy &#8211; 149*z\u0142<br>bezterminowo &#8211; 399*z\u0142<\/td><td class=\"has-text-align-center\" data-align=\"center\">24 miesi\u0119ce &#8211; 99*z\u0142<br>12 miesi\u0119cy &#8211; 149*z\u0142<br>bezterminowo &#8211; 399*z\u0142<\/td><\/tr><tr><td>Umowa na czas nieokreslony<\/td><td class=\"has-text-align-center\" data-align=\"center\">89 PLN<\/td><td class=\"has-text-align-center\" data-align=\"center\">109 PLN<\/td><td class=\"has-text-align-center\" data-align=\"center\">125 PLN<\/td><td class=\"has-text-align-center\" data-align=\"center\">145 PLN<\/td><\/tr><tr><td>Umowa na 12 miesi\u0119cy<\/td><td class=\"has-text-align-center\" data-align=\"center\">69 PLN<\/td><td class=\"has-text-align-center\" data-align=\"center\">89 PLN<\/td><td class=\"has-text-align-center\" data-align=\"center\">105 PLN<\/td><td class=\"has-text-align-center\" data-align=\"center\">125 PLN<\/td><\/tr><tr><td>Umowa na 24 miesi\u0105ce<\/td><td class=\"has-text-align-center\" data-align=\"center\"><strong>59 PLN<\/strong><\/td><td class=\"has-text-align-center\" data-align=\"center\"><strong>79 PLN<\/strong><\/td><td class=\"has-text-align-center\" data-align=\"center\"><strong>95 PLN<\/strong><\/td><td class=\"has-text-align-center\" data-align=\"center\"><strong>110 PLN<\/strong><\/td><\/tr><\/tbody><\/table><\/figure>\n\n\n\n<p><\/p>\n\n\n\n<h2 class=\"wp-block-heading\">Radiowy dost\u0119p do internetu<\/h2>\n\n\n\n<p><\/p>\n\n\n\n<figure class=\"wp-block-table\"><table class=\"has-fixed-layout\"><tbody><tr><th>Internet Radiowy<\/th><th class=\"has-text-align-center\" data-align=\"center\">Radio 30<\/th><th class=\"has-text-align-center\" data-align=\"center\">Radio 50<\/th><\/tr><tr><td>Pr\u0119dko\u015b\u0107<\/td><td class=\"has-text-align-center\" data-align=\"center\">30 Mbit\/5 Mbit<\/td><td class=\"has-text-align-center\" data-align=\"center\">50 Mbit\/10 Mbit<\/td><\/tr><tr><td>Instalacja *<\/td><td class=\"has-text-align-center\" data-align=\"center\">24 miesi\u0119ce &#8211; 69z\u0142<br>12 miesi\u0119cy &#8211; 129z\u0142<br>bezterminowo &#8211; 199z\u0142<\/td><td class=\"has-text-align-center\" data-align=\"center\">24 miesi\u0119ce &#8211; 69z\u0142<br>12 miesi\u0119cy &#8211; 129z\u0142<br>bezterminowo &#8211; 199z\u0142<\/td><\/tr><tr><td>Umowa na czas nieokreslony<\/td><td class=\"has-text-align-center\" data-align=\"center\"><strong>80 PLN<\/strong><\/td><td class=\"has-text-align-center\" data-align=\"center\"><strong>99 PLN<\/strong><\/td><\/tr><tr><td>Umowa na 12 miesi\u0119cy<\/td><td class=\"has-text-align-center\" data-align=\"center\"><strong>59 PLN<\/strong><\/td><td class=\"has-text-align-center\" data-align=\"center\"><strong>69 PLN<\/strong><\/td><\/tr><tr><td>Umowa na 24 miesi\u0105ce<\/td><td class=\"has-text-align-center\" data-align=\"center\"><strong>49 PLN<\/strong><\/td><td class=\"has-text-align-center\" data-align=\"center\"><strong>59 PLN<\/strong><\/td><\/tr><\/tbody><\/table><\/figure>\n\n\n\n<p><\/p>\n\n\n\n<p><\/p>\n\n\n\n<p>Cennik obowi\u0105zauje od dnia 01.10.2022 r<\/p>\n\n\n\n<p>Wszystkie podane wy\u017cej ceny s\u0105 cenami BRUTTO (zawieraj\u0105 podatek VAT)<\/p>\n\n\n\n<p>* W instalacji nie jest uwzgl\u0119dniony ewentualny zakup router.<\/p>\n\n\n\n<p>Podane ceny nie stanowi\u0105 oferty handlowej w rozumieniu art. 66 par. 1 Kodeksu Cywilnego.<\/p>\n","protected":false},"excerpt":{"rendered":"<p>\u015awiat\u0142owodowy dost\u0119p do internetu Internet \u015awiat\u0142owodowy Fiber 150 Fiber 300 Fiber 600 Fiber 900 Pr\u0119dko\u015b\u0107 150 Mbit\/50 Mbit 300 Mbit\/100 Mbit 600 Mbit\/200 Mbit 900 Mbit\/300 Mbit Instalacja * 24 miesi\u0119ce &#8211; 99*z\u014212 miesi\u0119cy &#8211; 149*z\u0142bezterminowo &#8211; 399*z\u0142 24 miesi\u0119ce &#8211; 99*z\u014212 miesi\u0119cy &#8211; 149*z\u0142bezterminowo &#8211; 399*z\u0142 24 miesi\u0119ce &#8211; 99*z\u014212 miesi\u0119cy &#8211; 149*z\u0142bezterminowo &#8211; [&hellip;]<\/p>\n","protected":false},"author":1,"featured_media":0,"parent":0,"menu_order":0,"comment_status":"closed","ping_status":"closed","template":"","meta":{"footnotes":""},"class_list":["post-63","page","type-page","status-publish","hentry"],"_links":{"self":[{"href":"https:\/\/www.goldnet.net.pl\/wordpress\/wp-json\/wp\/v2\/pages\/63","targetHints":{"allow":["GET"]}}],"collection":[{"href":"https:\/\/www.goldnet.net.pl\/wordpress\/wp-json\/wp\/v2\/pages"}],"about":[{"href":"https:\/\/www.goldnet.net.pl\/wordpress\/wp-json\/wp\/v2\/types\/page"}],"author":[{"embeddable":true,"href":"https:\/\/www.goldnet.net.pl\/wordpress\/wp-json\/wp\/v2\/users\/1"}],"replies":[{"embeddable":true,"href":"https:\/\/www.goldnet.net.pl\/wordpress\/wp-json\/wp\/v2\/comments?post=63"}],"version-history":[{"count":7,"href":"https:\/\/www.goldnet.net.pl\/wordpress\/wp-json\/wp\/v2\/pages\/63\/revisions"}],"predecessor-version":[{"id":360,"href":"https:\/\/www.goldnet.net.pl\/wordpress\/wp-json\/wp\/v2\/pages\/63\/revisions\/360"}],"wp:attachment":[{"href":"https:\/\/www.goldnet.net.pl\/wordpress\/wp-json\/wp\/v2\/media?parent=63"}],"curies":[{"name":"wp","href":"https:\/\/api.w.org\/{rel}","templated":true}]}}