{"id":70,"date":"2024-09-18T11:52:38","date_gmt":"2024-09-18T11:52:38","guid":{"rendered":"https:\/\/goldnet.net.pl\/wordpress\/?page_id=70"},"modified":"2024-12-18T10:40:06","modified_gmt":"2024-12-18T10:40:06","slug":"cennik-programu-antywirusowego-g-data","status":"publish","type":"page","link":"https:\/\/www.goldnet.net.pl\/wordpress\/cennik-programu-antywirusowego-g-data\/","title":{"rendered":"Antywirus G DATA"},"content":{"rendered":"\n<p>Cennik obowi\u0105zuje tylko \u0142\u0105cznie z pakietami dost\u0119pu do INTERNET-u<\/p>\n\n\n\n<figure class=\"wp-block-table\"><table class=\"has-fixed-layout\"><tbody><tr><th>Wersja antywirusa G DATA<\/th><th class=\"has-text-align-center\" data-align=\"center\">G DATA Antywirus (PC)<\/th><th class=\"has-text-align-center\" data-align=\"center\">G DATA Internet Security (PC i Android)<\/th><\/tr><tr><td>Licencja 1-stanowiskowa \/ abonament m-c<\/td><td class=\"has-text-align-center\" data-align=\"center\"><strong>6,90 PLN<\/strong><\/td><td class=\"has-text-align-center\" data-align=\"center\"><strong>12,90 PLN<\/strong><\/td><\/tr><tr><td>Licencja 2-stanowiskowa \/ abonament m-c<\/td><td class=\"has-text-align-center\" data-align=\"center\"><strong>12,90 PLN<\/strong><\/td><td class=\"has-text-align-center\" data-align=\"center\"><strong>18,90 PLN<\/strong><\/td><\/tr><tr><td>Licencja 3-stanowiskowa \/ abonament m-c<\/td><td class=\"has-text-align-center\" data-align=\"center\"><strong>16,90 PLN<\/strong><\/td><td class=\"has-text-align-center\" data-align=\"center\"><strong>22,90 PLN<\/strong><\/td><\/tr><tr><td>Licencja 5-stanowiskowa \/ abonament m-c<\/td><td class=\"has-text-align-center\" data-align=\"center\"><strong>24,90 PLN<\/strong><\/td><td class=\"has-text-align-center\" data-align=\"center\"><strong>29,90 PLN<\/strong><\/td><\/tr><\/tbody><\/table><\/figure>\n\n\n\n<p>Wszystkie podane wy\u017cej ceny s\u0105 cenami BRUTTO (zawieraj\u0105 podatek VAT)<\/p>\n\n\n\n<p>Podane ceny nie stanowi\u0105 oferty handlowej w rozumieniu art. 66 par. 1 Kodeksu Cywilnego.<\/p>\n","protected":false},"excerpt":{"rendered":"<p>Cennik obowi\u0105zuje tylko \u0142\u0105cznie z pakietami dost\u0119pu do INTERNET-u Wersja antywirusa G DATA G DATA Antywirus (PC) G DATA Internet Security (PC i Android) Licencja 1-stanowiskowa \/ abonament m-c 6,90 PLN 12,90 PLN Licencja 2-stanowiskowa \/ abonament m-c 12,90 PLN 18,90 PLN Licencja 3-stanowiskowa \/ abonament m-c 16,90 PLN 22,90 PLN Licencja 5-stanowiskowa \/ abonament [&hellip;]<\/p>\n","protected":false},"author":1,"featured_media":0,"parent":0,"menu_order":0,"comment_status":"closed","ping_status":"closed","template":"","meta":{"footnotes":""},"class_list":["post-70","page","type-page","status-publish","hentry"],"_links":{"self":[{"href":"https:\/\/www.goldnet.net.pl\/wordpress\/wp-json\/wp\/v2\/pages\/70","targetHints":{"allow":["GET"]}}],"collection":[{"href":"https:\/\/www.goldnet.net.pl\/wordpress\/wp-json\/wp\/v2\/pages"}],"about":[{"href":"https:\/\/www.goldnet.net.pl\/wordpress\/wp-json\/wp\/v2\/types\/page"}],"author":[{"embeddable":true,"href":"https:\/\/www.goldnet.net.pl\/wordpress\/wp-json\/wp\/v2\/users\/1"}],"replies":[{"embeddable":true,"href":"https:\/\/www.goldnet.net.pl\/wordpress\/wp-json\/wp\/v2\/comments?post=70"}],"version-history":[{"count":5,"href":"https:\/\/www.goldnet.net.pl\/wordpress\/wp-json\/wp\/v2\/pages\/70\/revisions"}],"predecessor-version":[{"id":362,"href":"https:\/\/www.goldnet.net.pl\/wordpress\/wp-json\/wp\/v2\/pages\/70\/revisions\/362"}],"wp:attachment":[{"href":"https:\/\/www.goldnet.net.pl\/wordpress\/wp-json\/wp\/v2\/media?parent=70"}],"curies":[{"name":"wp","href":"https:\/\/api.w.org\/{rel}","templated":true}]}}