{"id":92,"date":"2024-09-18T12:04:36","date_gmt":"2024-09-18T12:04:36","guid":{"rendered":"https:\/\/goldnet.net.pl\/wordpress\/?page_id=92"},"modified":"2024-12-17T16:42:24","modified_gmt":"2024-12-17T16:42:24","slug":"telewizja","status":"publish","type":"page","link":"https:\/\/www.goldnet.net.pl\/wordpress\/telewizja\/","title":{"rendered":"Telewizja"},"content":{"rendered":"\n<h1 class=\"wp-block-heading\">Cennik Telewizja IPTV Avios<\/h1>\n\n\n\n<div class=\"wp-block-columns is-layout-flex wp-container-core-columns-is-layout-9d6595d7 wp-block-columns-is-layout-flex\">\n<div class=\"wp-block-column is-layout-flow wp-block-column-is-layout-flow\" style=\"flex-basis:100%\">\n<figure class=\"wp-block-table\"><table class=\"has-fixed-layout\"><tbody><tr><th>Telewizja AVIOS<\/th><th class=\"has-text-align-center\" data-align=\"center\"><a href=\"https:\/\/goldnet.net.pl\/\/index.php\/mattebox-tv\/\" data-type=\"page\" data-id=\"249\">Pakiet LUZ<\/a><\/th><th class=\"has-text-align-center\" data-align=\"center\"><a href=\"https:\/\/goldnet.net.pl\/\/index.php\/avios-tv-pakiet-komfort-hd\/\" data-type=\"page\" data-id=\"279\">Pakiet Komfort+<\/a><\/th><th class=\"has-text-align-center\" data-align=\"center\"><a href=\"https:\/\/goldnet.net.pl\/\/index.php\/ovigo\/\" data-type=\"page\" data-id=\"128\">Pakiet Prestige<\/a><\/th><th class=\"has-text-align-center\" data-align=\"center\"><a href=\"https:\/\/goldnet.net.pl\/\/index.php\/avios-tv-pakiet-max-hd\/\" data-type=\"page\" data-id=\"282\">Pakiet MAX<\/a><\/th><\/tr><tr><td>Aktywacja<\/td><td class=\"has-text-align-center\" data-align=\"center\">99 z\u0142<\/td><td class=\"has-text-align-center\" data-align=\"center\">99 z\u0142<\/td><td class=\"has-text-align-center\" data-align=\"center\">99 z\u0142<\/td><td class=\"has-text-align-center\" data-align=\"center\">99 z\u0142<\/td><\/tr><tr><td>Umowa na czas nieokre\u015blony<\/td><td class=\"has-text-align-center\" data-align=\"center\">69,90 z\u0142<\/td><td class=\"has-text-align-center\" data-align=\"center\">99,90 z\u0142<\/td><td class=\"has-text-align-center\" data-align=\"center\">115,90 z\u0142<\/td><td class=\"has-text-align-center\" data-align=\"center\">139,90 z\u0142<\/td><\/tr><tr><td>Umowa na 12 miesi\u0119cy<\/td><td class=\"has-text-align-center\" data-align=\"center\">46,90 z\u0142<\/td><td class=\"has-text-align-center\" data-align=\"center\">72,90 z\u0142<\/td><td class=\"has-text-align-center\" data-align=\"center\">95,90 z\u0142<\/td><td class=\"has-text-align-center\" data-align=\"center\">119,90 z\u0142<\/td><\/tr><tr><td>Umowa na 24 miesi\u0105ce<\/td><td class=\"has-text-align-center\" data-align=\"center\"><strong>36,90 z\u0142<\/strong><\/td><td class=\"has-text-align-center\" data-align=\"center\"><strong><strong>62,90 z\u0142<\/strong><\/strong><\/td><td class=\"has-text-align-center\" data-align=\"center\"><strong><strong>85,90 z\u0142<\/strong><\/strong><\/td><td class=\"has-text-align-center\" data-align=\"center\"><strong><strong>109,90 z\u0142<\/strong><\/strong><\/td><\/tr><\/tbody><\/table><\/figure>\n<\/div>\n<\/div>\n\n\n\n<figure class=\"wp-block-table\"><table class=\"has-fixed-layout\">\n\t<tbody>\n\t<tr><th colspan=\"2\">Pakiety PREMIUM <\/th><\/tr>\n\t<tr><td>CANAL+ Premium Prestige<\/td><td>54,99<\/td><\/tr>\n\t<tr><td>CANAL+ Premium Prestige &#8211; 12 miesi\u0119cy<\/td><td>49,99<\/td><\/tr>\n\t<tr><td>Cinemax HD<\/td><td>14,99<\/td><\/tr><tr><td>Filmbox HD<\/td><td>14,99<\/td><\/tr>\n\t<tr><td>HBO<\/td><td>29,99<\/td><\/tr>\n\t<tr><td>Pasja<\/td><td>4,99<\/td><\/tr>\n\t<tr><td>Republika<\/td><td>5,99<\/td><\/tr>\n\t<tr><td>TVP Premium<\/td><td>4,99<\/td><\/tr>\n\t<tr><td>Viasat World<\/td><td>4,99<\/td><\/tr>\n\t<tr><td>eXXXtra<\/td><td>14,99<\/td><\/tr>\n\t<tr><td>Niemieckoj\u0119zyczny<\/td><td>5,99<\/td><\/tr>\n\t<tr><td>Ukrai\u0144skoj\u0119zyczny<\/td><td>5,99<\/td><\/tr>\n\t<\/tbody>\n\t<\/table>\n<figure>\n\n\n\n<figure class=\"wp-block-table\"><table class=\"has-fixed-layout\"><tbody><tr><th colspan=\"2\">Us\u0142uga Multiroom<\/th><\/tr><tr><td>Wszystkie pakiety<\/td><td>14,99<\/td><\/tr><\/tbody><\/table><\/figure>\n\n\n\n<p>Cennik obowi\u0105zauje od dnia 20.12.2024 r<\/p>\n\n\n\n<p>Wszystkie podane wy\u017cej ceny s\u0105 cenami BRUTTO (zawieraj\u0105 podatek VAT)<\/p>\n","protected":false},"excerpt":{"rendered":"<p>Cennik Telewizja IPTV Avios Telewizja AVIOS Pakiet LUZ Pakiet Komfort+ Pakiet Prestige Pakiet MAX Aktywacja 99 z\u0142 99 z\u0142 99 z\u0142 99 z\u0142 Umowa na czas nieokre\u015blony 69,90 z\u0142 99,90 z\u0142 115,90 z\u0142 139,90 z\u0142 Umowa na 12 miesi\u0119cy 46,90 z\u0142 72,90 z\u0142 95,90 z\u0142 119,90 z\u0142 Umowa na 24 miesi\u0105ce 36,90 z\u0142 62,90 z\u0142 [&hellip;]<\/p>\n","protected":false},"author":1,"featured_media":0,"parent":0,"menu_order":0,"comment_status":"closed","ping_status":"closed","template":"","meta":{"footnotes":""},"class_list":["post-92","page","type-page","status-publish","hentry"],"_links":{"self":[{"href":"https:\/\/www.goldnet.net.pl\/wordpress\/wp-json\/wp\/v2\/pages\/92","targetHints":{"allow":["GET"]}}],"collection":[{"href":"https:\/\/www.goldnet.net.pl\/wordpress\/wp-json\/wp\/v2\/pages"}],"about":[{"href":"https:\/\/www.goldnet.net.pl\/wordpress\/wp-json\/wp\/v2\/types\/page"}],"author":[{"embeddable":true,"href":"https:\/\/www.goldnet.net.pl\/wordpress\/wp-json\/wp\/v2\/users\/1"}],"replies":[{"embeddable":true,"href":"https:\/\/www.goldnet.net.pl\/wordpress\/wp-json\/wp\/v2\/comments?post=92"}],"version-history":[{"count":14,"href":"https:\/\/www.goldnet.net.pl\/wordpress\/wp-json\/wp\/v2\/pages\/92\/revisions"}],"predecessor-version":[{"id":336,"href":"https:\/\/www.goldnet.net.pl\/wordpress\/wp-json\/wp\/v2\/pages\/92\/revisions\/336"}],"wp:attachment":[{"href":"https:\/\/www.goldnet.net.pl\/wordpress\/wp-json\/wp\/v2\/media?parent=92"}],"curies":[{"name":"wp","href":"https:\/\/api.w.org\/{rel}","templated":true}]}}